{"id":661,"date":"2019-10-19T10:19:24","date_gmt":"2019-10-19T08:19:24","guid":{"rendered":"http:\/\/www.triplecproject.eu\/atlantic-area-programm\/"},"modified":"2019-10-25T09:35:29","modified_gmt":"2019-10-25T07:35:29","slug":"programa-espaco-atlantico","status":"publish","type":"page","link":"https:\/\/www.triplecproject.eu\/pt-pt\/programa-espaco-atlantico\/","title":{"rendered":"INTERREG Espa\u00e7o Atl\u00e2ntico"},"content":{"rendered":"\n<p>INTERREG Espa\u00e7o Atl\u00e2ntico \u00e9 um programa de financiamento que promove a  coopera\u00e7\u00e3o transnacional em 36 regi\u00f5es atl\u00e2nticas de cinco pa\u00edses  europeus. Com um or\u00e7amento total de 185M\u20ac,&nbsp;dos quais 140M\u20ac s\u00e3o&nbsp;Fundo  Europeu de Desenvolvimento Regional (FEDER), o Programa co-financia  projetos de coopera\u00e7\u00e3o nos dom\u00ednios da Inova\u00e7\u00e3o &amp; Competitividade,  Efici\u00eancia dos Recursos, Gest\u00e3o dos Riscos Territoriais, Biodiversidade e  Patrim\u00f3nio Natural e Cultural.<\/p>\n\n\n\n<p><a rel=\"noreferrer noopener\" aria-label=\" (opens in a new tab)\" href=\"https:\/\/www.atlanticarea.eu\/\" target=\"_blank\">https:\/\/www.atlanticarea.eu\/<\/a><\/p>\n","protected":false},"excerpt":{"rendered":"<p>INTERREG Espa\u00e7o Atl\u00e2ntico \u00e9 um programa de financiamento que promove a coopera\u00e7\u00e3o transnacional em 36 regi\u00f5es atl\u00e2nticas de&#8230;<\/p>\n","protected":false},"author":1,"featured_media":0,"parent":0,"menu_order":0,"comment_status":"closed","ping_status":"closed","template":"page-template\/page-template.php","meta":[],"acf":[],"_links":{"self":[{"href":"https:\/\/www.triplecproject.eu\/pt-pt\/wp-json\/wp\/v2\/pages\/661"}],"collection":[{"href":"https:\/\/www.triplecproject.eu\/pt-pt\/wp-json\/wp\/v2\/pages"}],"about":[{"href":"https:\/\/www.triplecproject.eu\/pt-pt\/wp-json\/wp\/v2\/types\/page"}],"author":[{"embeddable":true,"href":"https:\/\/www.triplecproject.eu\/pt-pt\/wp-json\/wp\/v2\/users\/1"}],"replies":[{"embeddable":true,"href":"https:\/\/www.triplecproject.eu\/pt-pt\/wp-json\/wp\/v2\/comments?post=661"}],"version-history":[{"count":5,"href":"https:\/\/www.triplecproject.eu\/pt-pt\/wp-json\/wp\/v2\/pages\/661\/revisions"}],"predecessor-version":[{"id":722,"href":"https:\/\/www.triplecproject.eu\/pt-pt\/wp-json\/wp\/v2\/pages\/661\/revisions\/722"}],"wp:attachment":[{"href":"https:\/\/www.triplecproject.eu\/pt-pt\/wp-json\/wp\/v2\/media?parent=661"}],"curies":[{"name":"wp","href":"https:\/\/api.w.org\/{rel}","templated":true}]}}