{"id":689,"date":"2019-10-16T15:45:40","date_gmt":"2019-10-16T13:45:40","guid":{"rendered":"http:\/\/www.triplecproject.eu\/privacy-policy\/"},"modified":"2019-10-20T10:00:58","modified_gmt":"2019-10-20T08:00:58","slug":"politique-de-confidentialite","status":"publish","type":"page","link":"https:\/\/www.triplecproject.eu\/fr\/politique-de-confidentialite\/","title":{"rendered":"Politique de Confidentialit\u00e9"},"content":{"rendered":"<h2>1. RAISON SOCIALE<\/h2>\n<p>Conform\u00e9ment \u00e0 l\u2019article 10 de La loi 34\/2002, du 11 juillet, sur les services de la soci\u00e9t\u00e9 de l\u2019information et du commerce \u00e9lectronique, les donn\u00e9es suivantes figurent ci-dessous :<\/p>\n<p>La soci\u00e9t\u00e9 titulaire du domaine Web www.neiker.eus est NEIKER AB, dont le si\u00e8ge se trouve \u00e0 : Campus Agroalimentario de Arkaute, s\/n et dont le n\u00ba SIRET est le num\u00e9ro A48167902, inscrite au Registre du commerce de Biscaye dans le Tome 1437 de la Section 3 du Livre 966.<\/p>\n<h2>2. UTILISATEURS<\/h2>\n<p>L\u2019acc\u00e8s et\/ou utilisation de ce portail attribue la condition d\u2019UTILISATEUR qui accepte, \u00e0 partir de cet acc\u00e8s et\/ou utilisation, les conditions d\u2019utilisation contenues dans la section \u00ab Utilisation du portail \u00bb figurant ici. Ces conditions seront applicables quelles que soient les conditions g\u00e9n\u00e9rales de recrutement qui soient obligatoires.<\/p>\n<h2>3. POLITIQUE DONN\u00c9E \u00c0 TITRE D\u2019INFORMATION SUR LA PROTECTION DES DONN\u00c9ES PERSONNELLES<\/h2>\n<p>En tant que responsable des traitements des donn\u00e9es automatis\u00e9s d\u00e9coulant de ce site Web, NEIKER met \u00e0 disposition des visiteurs et des utilisateurs de son site Web sa politique de protection et de traitement des donn\u00e9es \u00e0 caract\u00e8re personnel, qui sera pr\u00e9cis\u00e9e en cas de remplir et de soumettre l\u2019un des formulaires ou de r\u00e9aliser un envoi par voie t\u00e9l\u00e9matique dans la mesure o\u00f9 des donn\u00e9es \u00e0 caract\u00e8re personnel sont collect\u00e9es, en garantissant le respect des obligations pr\u00e9vues dans la r\u00e9glementation de protection des donn\u00e9es personnelles. Les donn\u00e9es personnelles recueillies seront limit\u00e9es \u00e0 celles n\u00e9cessaires, pertinentes et non excessives aux fins indiqu\u00e9es dans chaque cas et sans lesquelles le service sollicit\u00e9 ne peut \u00eatre offert, compte tenu de l\u2019\u00e9tat de la technologie conform\u00e9ment aux dispositions de la r\u00e9glementation relative \u00e0 la protection des donn\u00e9s.<\/p>\n<h2>4. DROITS<\/h2>\n<p>Les utilisateurs ont des droits reconnus li\u00e9s au traitement de leurs donn\u00e9es personnelles et pourront les exercer. En cas de souhaiter exercer ces droits, vous pourrez \u00e9crire \u00e0 l\u2019adresse de NEIKER : Parque Tecnol\u00f3gico de Bizkaia, Parcela 812, c\/ Berreaga 1, 48160, DERIO-BISCAYE ou envoyer un courrier \u00e9lectronique \u00e0 admin@neiker.eus en y joignant une copie d\u2019un document prouvant votre identit\u00e9.<\/p>\n<h2>5. VOLUNTARIAT<\/h2>\n<p>NEIKER informe les utilisateurs de la page de la nature volontaire ou obligatoire de faciliter les donn\u00e9es \u00e0 caract\u00e8re personnel qui leur sont demand\u00e9es sur les formulaires d\u2019acc\u00e8s et d\u2019inscription aux services et\/ou contenus offerts sur la page Web. Pour ce faire, sur chaque formulaire de collecte de donn\u00e9es \u00e0 caract\u00e8re personnel dont l\u2019utilisateur peut faire usage, NEIKER fera figurer les conditions particuli\u00e8res de traitement de ses donn\u00e9es.<\/p>\n<p>En outre, NEIKER d\u00e9clare que, conform\u00e9ment \u00e0 la Loi 34\/2002, du 11 juillet, sur les services de la soci\u00e9t\u00e9 de l\u2019information et le commerce \u00e9lectronique, elle demande votre consentement pour le traitement de votre e-mail, \u00e0 des fins commerciales, promotionnelles ou de diffusion de l\u2019activit\u00e9 de l\u2019organisation par l\u2019envoi de communications par e-mail, fax, SMS, MMS ou messagerie instantan\u00e9e, r\u00e9seaux sociaux ou tout autre moyen \u00e9lectronique ou physique, pr\u00e9sent ou futur, permettant la r\u00e9alisation de communications commerciales ou de diffusion concernant les produits ou services offerts par l\u2019organisation.<\/p>\n<h2>6. TRANSFERT DE DONN\u00c9ES<\/h2>\n<p>Les donn\u00e9es personnelles qui ont \u00e9t\u00e9 fournies par les utilisateurs de notre site Web ne seront transf\u00e9r\u00e9es \u00e0 un tiers que pour la r\u00e9alisation des objectifs de l\u2019organisation directement li\u00e9s \u00e0 des fonctions ou des int\u00e9r\u00eats l\u00e9gitimes aux entit\u00e9s li\u00e9es \u00e0 NEIKER indiqu\u00e9es dans chaque formulaire de collecte de donn\u00e9es personnelles.<\/p>\n<h2>7. MISE \u00c0 JOUR R\u00c9GULI\u00c8RE<\/h2>\n<p>NEIKER pourra modifier cette Politique de confidentialit\u00e9 en fonction des exigences l\u00e9gislatives et de conformit\u00e9 r\u00e9glementaire, afin d\u2019adapter cette politique \u00e0 la l\u00e9galit\u00e9 et, le cas \u00e9ch\u00e9ant, aux instructions dict\u00e9es par l\u2019Agence espagnole de protection des donn\u00e9es, il est donc conseill\u00e9 aux utilisateurs de la revoir r\u00e9guli\u00e8rement.<\/p>\n<h2>8. V\u00c9RACIT\u00c9 DES DONN\u00c9ES<\/h2>\n<p>Les utilisateurs seront, dans tous les cas, responsables de la v\u00e9racit\u00e9 des donn\u00e9es fournies et informeront NEIKER de toute modification de ces derni\u00e8res, d\u00e9clinant l\u2019organisation toute responsabilit\u00e9 \u00e0 cet \u00e9gard.<\/p>\n<h2>9. MINEURS<\/h2>\n<p>Cette page n\u2019est pas destin\u00e9e aux mineurs.<br \/>\nToutefois, si des utilisateurs de notre site Web ont moins de 14 ans, ils devront fournir \u00e0 NEIKER une autorisation \u00e9crite de leurs parents, tuteurs ou repr\u00e9sentants l\u00e9gaux, donnant leur consentement au traitement de leurs donn\u00e9es.<\/p>\n","protected":false},"excerpt":{"rendered":"<p>1. RAISON SOCIALE Conform\u00e9ment \u00e0 l\u2019article 10 de La loi 34\/2002, du 11 juillet, sur les services de&#8230;<\/p>\n","protected":false},"author":1,"featured_media":0,"parent":0,"menu_order":0,"comment_status":"closed","ping_status":"closed","template":"","meta":[],"acf":[],"_links":{"self":[{"href":"https:\/\/www.triplecproject.eu\/fr\/wp-json\/wp\/v2\/pages\/689"}],"collection":[{"href":"https:\/\/www.triplecproject.eu\/fr\/wp-json\/wp\/v2\/pages"}],"about":[{"href":"https:\/\/www.triplecproject.eu\/fr\/wp-json\/wp\/v2\/types\/page"}],"author":[{"embeddable":true,"href":"https:\/\/www.triplecproject.eu\/fr\/wp-json\/wp\/v2\/users\/1"}],"replies":[{"embeddable":true,"href":"https:\/\/www.triplecproject.eu\/fr\/wp-json\/wp\/v2\/comments?post=689"}],"version-history":[{"count":2,"href":"https:\/\/www.triplecproject.eu\/fr\/wp-json\/wp\/v2\/pages\/689\/revisions"}],"predecessor-version":[{"id":698,"href":"https:\/\/www.triplecproject.eu\/fr\/wp-json\/wp\/v2\/pages\/689\/revisions\/698"}],"wp:attachment":[{"href":"https:\/\/www.triplecproject.eu\/fr\/wp-json\/wp\/v2\/media?parent=689"}],"curies":[{"name":"wp","href":"https:\/\/api.w.org\/{rel}","templated":true}]}}