{"id":660,"date":"2019-10-19T10:19:24","date_gmt":"2019-10-19T08:19:24","guid":{"rendered":"http:\/\/www.triplecproject.eu\/atlantic-area-programm\/"},"modified":"2019-10-25T09:39:07","modified_gmt":"2019-10-25T07:39:07","slug":"programme-espace-atlantique","status":"publish","type":"page","link":"https:\/\/www.triplecproject.eu\/fr\/programme-espace-atlantique\/","title":{"rendered":"INTERREG Espace Atlantique"},"content":{"rendered":"\n<p>INTERREG Espace Atlantique est un programme de financement qui soutient la coop\u00e9ration transnationale au sein de 36 r\u00e9gions atlantiques de cinq pays Europ\u00e9ens. Avec un budget total de 185 M\u20ac, dont 140M\u20ac sont des Fonds Europ\u00e9en de D\u00e9veloppement R\u00e9gional (FEDER), le Programme cofinance des projets de coop\u00e9ration dans les domaines de l&rsquo;Innovation et Comp\u00e9titivit\u00e9, l\u2019Efficacit\u00e9 des Ressources, la Gestion des Risques Territoriaux, Biodiversit\u00e9 et Atouts Naturels et Culturels.<\/p>\n\n\n\n<p><a rel=\"noreferrer noopener\" aria-label=\" (opens in a new tab)\" href=\"https:\/\/www.atlanticarea.eu\/\" target=\"_blank\">https:\/\/www.atlanticarea.eu\/<\/a><\/p>\n","protected":false},"excerpt":{"rendered":"<p>INTERREG Espace Atlantique est un programme de financement qui soutient la coop\u00e9ration transnationale au sein de 36 r\u00e9gions&#8230;<\/p>\n","protected":false},"author":1,"featured_media":0,"parent":0,"menu_order":0,"comment_status":"closed","ping_status":"closed","template":"page-template\/page-template.php","meta":[],"acf":[],"_links":{"self":[{"href":"https:\/\/www.triplecproject.eu\/fr\/wp-json\/wp\/v2\/pages\/660"}],"collection":[{"href":"https:\/\/www.triplecproject.eu\/fr\/wp-json\/wp\/v2\/pages"}],"about":[{"href":"https:\/\/www.triplecproject.eu\/fr\/wp-json\/wp\/v2\/types\/page"}],"author":[{"embeddable":true,"href":"https:\/\/www.triplecproject.eu\/fr\/wp-json\/wp\/v2\/users\/1"}],"replies":[{"embeddable":true,"href":"https:\/\/www.triplecproject.eu\/fr\/wp-json\/wp\/v2\/comments?post=660"}],"version-history":[{"count":5,"href":"https:\/\/www.triplecproject.eu\/fr\/wp-json\/wp\/v2\/pages\/660\/revisions"}],"predecessor-version":[{"id":732,"href":"https:\/\/www.triplecproject.eu\/fr\/wp-json\/wp\/v2\/pages\/660\/revisions\/732"}],"wp:attachment":[{"href":"https:\/\/www.triplecproject.eu\/fr\/wp-json\/wp\/v2\/media?parent=660"}],"curies":[{"name":"wp","href":"https:\/\/api.w.org\/{rel}","templated":true}]}}