{"id":639,"date":"2019-10-19T10:04:29","date_gmt":"2019-10-19T08:04:29","guid":{"rendered":"http:\/\/www.triplecproject.eu\/?page_id=639"},"modified":"2019-10-19T11:22:07","modified_gmt":"2019-10-19T09:22:07","slug":"mentions-legales","status":"publish","type":"page","link":"https:\/\/www.triplecproject.eu\/fr\/mentions-legales\/","title":{"rendered":"Mentions l\u00e9gales"},"content":{"rendered":"<p>Conform\u00e9ment \u00e0 la r\u00e9glementation sur la Protection des donn\u00e9es \u00e0 caract\u00e8re personnel, nous vous informons que les donn\u00e9es personnelles que vous nous fournissez en remplissant certains des formulaires existants sur la page Web www.neiker.eus, sont int\u00e9gr\u00e9es dans des fichiers et des traitements, dont NEIKER est responsable, aux fins suivantes :<\/p>\n<ul>\n<li>La gestion des donn\u00e9es recueillies dans les formulaires de la page Web,<\/li>\n<li>La r\u00e9alisation d\u2019actions de communication sur n\u2019importe quel \u00e9v\u00e9nement et la r\u00e9ponse aux questions et suggestions,<\/li>\n<li>L\u2019envoi de tout type de publications li\u00e9 \u00e0 l\u2019activit\u00e9 de l\u2019entit\u00e9.<\/li>\n<li>Permettre l\u2019inscription de la personne int\u00e9ress\u00e9e \u00e0 un cours ou autre activit\u00e9 de formation<\/li>\n<li>R\u00e9aliser des enqu\u00eates sur les perspectives du secteur, ainsi que sur la qualit\u00e9 des services que nous offrons.<\/li>\n<li>Gestion de contacts pour les actions de communication commerciale.<\/li>\n<\/ul>\n<p>Nous vous informons que vos donn\u00e9es personnelles peuvent \u00eatre transf\u00e9r\u00e9es \u00e0 des organisations pour satisfaire \u00e0 la r\u00e9glementation en vigueur, ou \u00e0 des entreprises collaboratrices de NEIKER avec lesquelles des accords et\/ou conventions sont conclus, afin que vous puissiez recevoir des informations de leur part et en profiter.<\/p>\n<p>Pour toutes les fins indiqu\u00e9es, la l\u00e9gitimation pour le traitement repose sur le consentement de la personne int\u00e9ress\u00e9e exprim\u00e9 en cochant l\u2019acceptation de la politique de confidentialit\u00e9 et l\u2019envoi du formulaire.<\/p>\n<p>Si vous ne nous donnez pas votre consentement, nous ne pourrons pas r\u00e9pondre \u00e0 votre demande. Ces donn\u00e9es seront conserv\u00e9es ind\u00e9finiment tant que vous ne manifestez pas votre volont\u00e9 qu\u2019il en soit autrement.<\/p>\n<p>Vous pouvez exercer vos droits d\u2019acc\u00e8s, de rectification, de limitation de traitement, de suppression, de portabilit\u00e9, d\u2019annulation ou de r\u00e9vocation du consentement donn\u00e9, en vous adressant par \u00e9crit \u00e0 l\u2019adresse postale ou \u00e0 l\u2019e-mail suivant, en y joignant une copie de votre carte d\u2019identit\u00e9 : <u>admin@neiker.eus<\/u><\/p>\n<p>Vous pourrez \u00e9galement, si votre demande n\u2019est pas prise en compte, d\u00e9poser une r\u00e9clamation aupr\u00e8s de l\u2019Agence espagnole de protection des donn\u00e9es.<\/p>\n<h2>1. G\u00e9n\u00e9ralit\u00e9s<\/h2>\n<p>Le pr\u00e9sent Site Web appartient \u00e0 NEIKER-TECNALIA, INSTITUTO VASCO DE INVESTIGACI\u00d3N Y DESARROLLO AGRARIO, dont le si\u00e8ge se trouve Campus Agroalimentario de Arkaute, Apdo 46 E-01080 Vitoria-Gasteiz (Alava) T\u00e9l. : +34- 945 121 313 \u2013 Fax : +34- 945 281 422, et avec n\u00ba SIRET: A-48167902, inscrite au Registre du commerce de Biscaye dans le Tome 1437 de la Section 3 du Livre 966.<\/p>\n<p>L\u2019utilisation de ce site Web implique que vous avez lu, compris et accept\u00e9, sans restriction ni r\u00e9serve, les conditions d\u2019utilisation contenues dans les pr\u00e9sentes Mentions l\u00e9gales, ainsi que dans la Politique de confidentialit\u00e9 qui est \u00e0 votre disposition sur ce m\u00eame site et dont la lecture vous est express\u00e9ment recommand\u00e9e, constituant l\u2019utilisation de ce dernier une acceptation expresse et compl\u00e8te aussi bien des Mentions l\u00e9gales que de la Politique de confidentialit\u00e9 dans la version qui est publi\u00e9e au moment de l\u2019acc\u00e8s, sans pr\u00e9judice des conditions ou des termes d\u2019utilisation sp\u00e9cifiques qui pourraient \u00eatre appliqu\u00e9s concernant certains services concrets du site Web, dont l\u2019acceptation pr\u00e9alable sera une condition indispensable pour y acc\u00e9der.<\/p>\n<p>Si vous n\u2019\u00eates pas satisfait des termes des pr\u00e9sentes Mentions l\u00e9gales, nous vous prions de ne pas utiliser le site Web, car son utilisation, nous vous le rappelons, implique l\u2019acceptation des conditions juridiques contenues aussi bien des Mentions l\u00e9gales que la Politique de confidentialit\u00e9.<\/p>\n<p>NEIKER-TECNALIA, INSTITUTO VASCO DE INVESTIGACI\u00d3N Y DESARROLLO AGRARIO se r\u00e9serve le droit de modifier les conditions g\u00e9n\u00e9rales apparaissant sur ce site Web, ainsi que de compl\u00e9ter son contenu, les informations qui y figurent, etc., \u00e0 tout moment et sans pr\u00e9avis, et vous conseille donc de les consulter r\u00e9guli\u00e8rement au cas o\u00f9 il y aurait des changements.<\/p>\n<h3>1.2. Langue<\/h3>\n<p>En cas de traduction de ces Mentions l\u00e9gales, notre Politique de confidentialit\u00e9 ou toute autre norme d\u2019utilisation, politiques et proc\u00e9dures qui pourraient \u00eatre publi\u00e9es occasionnellement sur ce site, s\u2019il existe une divergence entre la version espagnole et une version traduite, la version espagnole pr\u00e9vaudra.<\/p>\n<h2>2. Communications commerciales et contenu publicitaire<\/h2>\n<p>NEIKER-TECNALIA, INSTITUTO VASCO DE INVESTIGACI\u00d3N Y DESARROLLO AGRARIO informe les utilisateurs que selon la Loi 34\/2002, du 11 juillet, relative aux Services de la soci\u00e9t\u00e9 de l\u2019information et du commerce \u00e9lectronique, nous vous enverrons des informations par e-mail sur les services et les activit\u00e9s de l\u2019entreprise. Si vous ne souhaitez pas recevoir de communications \u00e9lectroniques sur nos produits, services et activit\u00e9s, veuillez nous envoyer un e-mail \u00e0 admin@neiker.eus<\/p>\n<p>Publicit\u00e9 : Le site Web peut contenir des annonces publicitaires ou \u00eatre parrain\u00e9. Les annonceurs et les sponsors sont les seuls responsables de s\u2019assurer que le mat\u00e9riel soumis pour inclusion sur le site Web est conforme aux lois et aux consentements qui peuvent s\u2019appliquer dans chaque cas. Le titulaire du site Web d\u00e9clinera toute responsabilit\u00e9 en cas d\u2019erreur, d\u2019inexactitude ou d\u2019irr\u00e9gularit\u00e9 pouvant figurer dans les annonces publicitaires ou des sponsors. Il ne sera pas non plus responsable de dommages \u00e0 la sensibilit\u00e9 que le mat\u00e9riel publicitaire ou autre mat\u00e9riel puisse causer aux utilisateurs ou aux visiteurs du site.<\/p>\n<h2>3. Droits de propri\u00e9t\u00e9 intellectuelle et\/ou industrielle<\/h2>\n<p>NEIKER-TECNALIA, INSTITUTO VASCO DE INVESTIGACI\u00d3N Y DESARROLLO AGRARIO est le titulaire du contenu et des \u00e9l\u00e9ments dont est compos\u00e9 ce site. Il poss\u00e8de donc la propri\u00e9t\u00e9 intellectuelle et industrielle de celui-ci et en particulier, de tous les codes sources, textes, images, design, logos , programmes informatiques, animations, bases de donn\u00e9es, marques, nom commercial ou signe distinctif, sons et autres \u00e9l\u00e9ments graphiques ou sonores des pages du site Web. Cette \u00e9num\u00e9ration ne constitue pas une liste ferm\u00e9e, mais un exemple, et ces \u00e9l\u00e9ments se trouvent d\u00fbment prot\u00e9g\u00e9s conform\u00e9ment \u00e0 la r\u00e9glementation espagnole et internationale sur la Propri\u00e9t\u00e9 intellectuelle et industrielle.<\/p>\n<p>L\u2019Utilisateur s\u2019engage \u00e0 utiliser le contenu de mani\u00e8re diligente et appropri\u00e9e, conform\u00e9ment \u00e0 la loi, aux bonnes m\u0153urs et \u00e0 l\u2019ordre public. NEIKER-TECNALIA, INSTITUTO VASCO DE INVESTIGACI\u00d3N Y DESARROLLO AGRARIO autorise l\u2019Utilisateur \u00e0 visualiser les informations figurant sur ce site Web, ainsi qu\u2019\u00e0 r\u00e9aliser des copies priv\u00e9es (activit\u00e9 simple de t\u00e9l\u00e9chargement et stockage dans leurs syst\u00e8mes informatiques), tant que les \u00e9l\u00e9ments sont destin\u00e9s exclusivement \u00e0 un usage personnel, ainsi qu\u2019\u00e0 leur utilisation uniquement \u00e0 des fins journalistiques, \u00e0 condition que dans les deux cas, leur int\u00e9grit\u00e9 soit respect\u00e9e et que la source soit identifi\u00e9e comme \u00e9tant ce site Web appartenant \u00e0 NEIKER-TECNALIA, INSTITUTO VASCO DE INVESTIGACI\u00d3N Y DESARROLLO AGRARIO, \u00e9tant express\u00e9ment interdit tout type d\u2019utilisation biais\u00e9 et contraire \u00e0 sa nature.<\/p>\n<p>Il est interdit, en dehors des fins express\u00e9ment \u00e9tablies dans le paragraphe pr\u00e9c\u00e9dent, d\u2019utiliser le contenu du Site Web et de le distribuer, le modifier, le transf\u00e9rer \u00e0 des tiers, ainsi que de le reproduire, le transformer ou le divulguer publiquement par tout moyen et technologie, n\u00e9cessitant pour ce faire le consentement pr\u00e9alable et expr\u00e8s NEIKER-TECNALIA, INSTITUTO VASCO DE INVESTIGACI\u00d3N Y DESARROLLO AGRARIO constituant toute action contraire au pr\u00e9sent texte une violation de la r\u00e9glementation en mati\u00e8re des droits de propri\u00e9t\u00e9 industrielle et intellectuelle.<\/p>\n<p>L\u2019utilisation de ce site Web est, toutefois, autoris\u00e9e tant que son int\u00e9grit\u00e9 est respect\u00e9e et que la source est identifi\u00e9e comme \u00e9tant ce site appartenant \u00e0 NEIKER-TECNALIA, INSTITUTO VASCO DE INVESTIGACI\u00d3N Y DESARROLLO AGRARIO, \u00e9tant express\u00e9ment interdit tout type d\u2019utilisation biais\u00e9 et contraire \u00e0 sa nature.<\/p>\n<p>NEIKER-TECNALIA, INSTITUTO VASCO DE INVESTIGACI\u00d3N Y DESARROLLO AGRARIO se r\u00e9serve le droit d\u2019engager une action en justice pour d\u00e9fendre ses droits.<\/p>\n<h2>4. Mots de passe et espace priv\u00e9<\/h2>\n<p>En cas de recevoir un identifiant et\/ ou un mot de passe pour acc\u00e9der \u00e0 certains services, l\u2019utilisateur devra les conserver sous sa seule responsabilit\u00e9 de fa\u00e7on absolument confidentielle et secr\u00e8te, il devra les garder, les utiliser et les pr\u00e9server avec diligence, \u00e9tant express\u00e9ment interdite leur transfert \u00e0 des tiers, entra\u00eenant la responsabilit\u00e9 de l\u2019utilisateur, et donc \u00e9tant lui-m\u00eame imputable en termes de cons\u00e9quences dommageables caus\u00e9es aussi bien au titulaire du Site Web qu\u2019au reste d\u2019utilisateurs. En cas de vol, de perte, d\u2019utilisation ou d\u2019acc\u00e8s non autoris\u00e9 de l\u2019identifiant et\/ou du mot de passe, l\u2019utilisateur devra le communiquer imm\u00e9diatement \u00e0 NEIKER-TECNALIA, INSTITUTO VASCO DE INVESTIGACI\u00d3N Y DESARROLLO AGRARIO pour l\u2019adoption des mesures appropri\u00e9es, \u00e9tant l\u2019utilisateur responsable des dommages pouvant \u00eatre caus\u00e9s aussi bien \u00e0 NEIKER-TECNALIA, INSTITUTO VASCO DE INVESTIGACI\u00d3N Y DESARROLLO AGRARIO qu\u2019\u00e0 d\u2019autres utilisateurs, comme cons\u00e9quence d\u2019une communication tardive.<\/p>\n<p>NEIKER-TECNALIA, INSTITUTO VASCO DE INVESTIGACI\u00d3N Y DESARROLLO AGRARIO ne sera en aucun cas responsable de tout incident qui pourrait survenir sur les donn\u00e9es personnelles en cas d\u2019attaque ou d\u2019acc\u00e8s non autoris\u00e9 aux syst\u00e8mes de telle fa\u00e7on que sa d\u00e9tection soit impossible par les mesures de s\u00e9curit\u00e9 mises en \u0153uvre, que ce soit par manque de diligence de l\u2019utilisateur inscrit en mati\u00e8re de garde et de conservation de ses codes d\u2019acc\u00e8s ou de ses propres donn\u00e9es personnelles.<\/p>\n<h2>5. S\u00e9curit\u00e9<\/h2>\n<p>Le protocole HTTPS (SSL) est utilis\u00e9 sur ce site Web pour \u00e9tablir un canal de communication s\u00e9curis\u00e9 entre le serveur et l\u2019utilisateur pour l\u2019envoi de ses donn\u00e9es personnelles. Fournir ce service via un serveur s\u00e9curis\u00e9 implique de garantir la confidentialit\u00e9 des informations \u00e9chang\u00e9es entre l\u2019ordinateur de l\u2019utilisateur et ce serveur, \u00e9tant donn\u00e9 qu\u2019une connexion crypt\u00e9e est \u00e9tablie entre eux \u00e0 l\u2019aide du protocole SSL, qui emp\u00eache l\u2019acc\u00e8s de tiers aux informations envoy\u00e9es.<\/p>\n<h2>6. Responsabilit\u00e9<\/h2>\n<h3>a) G\u00e9n\u00e9ralit\u00e9s<\/h3>\n<p>NEIKER-TECNALIA, INSTITUTO VASCO DE INVESTIGACI\u00d3N Y DESARROLLO AGRARIO veut que ce site Web fonctionne de fa\u00e7on optimale et r\u00e9ponde \u00e0 l\u2019objectif pour lequel il a \u00e9t\u00e9 cr\u00e9\u00e9, mais d\u00e9cline toute responsabilit\u00e9 en termes d\u2019erreurs typographiques, formelles ou num\u00e9riques pouvant figurer sur le site Web, d\u2019exactitude des informations qui y sont contenues, ou d\u2019\u00e9ventuels dysfonctionnements ou anomalies de fonctionnement.<\/p>\n<p>NEIKER-TECNALIA, INSTITUTO VASCO DE INVESTIGACI\u00d3N Y DESARROLLO AGRARIO ne garantit pas que le site Web et le serveur sont exempts de virus, et d\u00e9cline toute responsabilit\u00e9 en termes de dommages caus\u00e9s par l\u2019acc\u00e8s au site Web ou par l\u2019impossibilit\u00e9 d\u2019y acc\u00e9der.<\/p>\n<p>L\u2019utilisateur s\u2019engage \u00e0 utiliser ce site Web de mani\u00e8re loyale et l\u00e9gitime, et conform\u00e9ment aux lois et usages du trafic ; il s\u2019engage \u00e9galement \u00e0 ne pas se comporter d\u2019une fa\u00e7on qui pourrait nuire \u00e0 l\u2019image, aux int\u00e9r\u00eats ou aux droits de NEIKER-TECNALIA, INSTITUTO VASCO DE INVESTIGACI\u00d3N Y DESARROLLO AGRARIO ou de tiers, ou qui pourrait endommager, d\u00e9sactiver, surcharger ou emp\u00eacher de quelque fa\u00e7on que ce soit l\u2019utilisation normale de ce site Web.<\/p>\n<p>NEIKER-TECNALIA, INSTITUTO VASCO DE INVESTIGACI\u00d3N Y DESARROLLO AGRARIO se r\u00e9serve le droit de modifier les conditions g\u00e9n\u00e9rales qui apparaissent sur ce site Web, ainsi que d\u2019en compl\u00e9ter le contenu, les informations, etc., \u00e0 tout moment et sans pr\u00e9avis, et conseille donc de les consulter r\u00e9guli\u00e8rement au cas o\u00f9 il y aurait des changements. Vous devrez lire les nouvelles mentions l\u00e9gales et conditions d\u2019utilisation du site Web pouvant \u00eatre incorpor\u00e9es. Dans le cas contraire, vous devrez vous abstenir de l\u2019utiliser et d\u2019y acc\u00e9der, d\u00e9clinant NEIKER-TECNALIA, INSTITUTO VASCO DE INVESTIGACI\u00d3N Y DESARROLLO AGRARIO toute responsabilit\u00e9, et se r\u00e9servant le droit de suspendre et de mettre fin \u00e0 l\u2019acc\u00e8s au contenu du site Web, ainsi qu\u2019aux services y figurant.<\/p>\n<h3>b) Links et hyperliens<\/h3>\n<p>Ce site Web peut faciliter le lien ou l\u2019acc\u00e8s \u00e0 d\u2019autres ressources ou sites Web de tiers, pouvant, selon nous, vous int\u00e9resser ou qui sont n\u00e9cessaires pour la prestation de certains des services de nos sites Web, mais en aucun cas, nous ne contr\u00f4lons ces sites.<\/p>\n<p>L\u2019objectif de ces liens peut \u00eatre de faciliter la recherche de ressources qui peuvent vous int\u00e9resser via Internet ou la gestion de certains services du site Web appartenant \u00e0 NEIKER-TECNALIA, INSTITUTO VASCO DE INVESTIGACI\u00d3N Y DESARROLLO AGRARIO comme l\u2019envoi de curriculums et\/ou l\u2019inscription \u00e0 des offres de travail, pour effectuer des processus de s\u00e9lection de personnel g\u00e9r\u00e9s par NEIKER-TECNALIA, INSTITUTO VASCO DE INVESTIGACI\u00d3N Y DESARROLLO AGRARIO.<\/p>\n<p>Toutefois , ces pages n\u2019appartiennent pas \u00e0 NEIKER-TECNALIA, INSTITUTO VASCO DE INVESTIGACI\u00d3N Y DESARROLLO AGRARIO et ce dernier ne proc\u00e8de pas \u00e0 la r\u00e9vision de leur contenu, et d\u00e9cline donc toute responsabilit\u00e9 les concernant et le cas \u00e9ch\u00e9ant, en termes de services fournis, apparaissant et\/ou disponibles sur ces sites, de fonctionnement du lien, d\u2019utilisation et de traitement des donn\u00e9es que ces derni\u00e8res peuvent r\u00e9aliser, d\u2019\u00e9ventuelles infractions qui, le cas \u00e9ch\u00e9ant, peuvent \u00eatre commises, ou de tout dommage qui pourrait d\u00e9couler de l\u2019acc\u00e8s ou de leur utilisation, l\u2019existence du lien n\u2019impliquant aucune relation entre NEIKER-TECNALIA, INSTITUTO VASCO DE INVESTIGACI\u00d3N Y DESARROLLO AGRARIO et les personnes ou entit\u00e9s titulaires de tels contenus ou sites o\u00f9 ils se trouvent.<\/p>\n<p>Par cons\u00e9quent, NEIKER-TECNALIA, INSTITUTO VASCO DE INVESTIGACI\u00d3N Y DESARROLLO AGRARIO n\u2019assume aucune responsabilit\u00e9 en ce qui concerne les liens, ni ne se charge de leur fonctionnement, de leur contenu et des services qui y sont h\u00e9berg\u00e9s, ni d\u2019\u00e9ventuels liens qui \u00e0 leur tour pourraient se trouver dans ces premiers liens.<\/p>\n<p>Nous vous recommandons fortement de lire les mentions l\u00e9gales correspondantes et, en particulier, les politiques de confidentialit\u00e9 de ces pages avant d\u2019y introduire vos donn\u00e9es personnelles, et en cas de doute, nous vous recommandons de contacter directement ces sites pour en savoir plus sur leurs politiques de confidentialit\u00e9.<\/p>\n<p>Si l\u2019utilisateur d\u00e9tecte quelque ill\u00e9galit\u00e9 que ce soit ou un contenu, des services inopportuns ou tout autre activit\u00e9 r\u00e9alis\u00e9e par le biais d\u2019un lien, il devra le communiquer imm\u00e9diatement \u00e0 NEIKER-TECNALIA, INSTITUTO VASCO DE INVESTIGACI\u00d3N Y DESARROLLO AGRARIO pour que cette derni\u00e8re puisse adopter, le cas \u00e9ch\u00e9ant, les mesures qu\u2019elle juge opportunes.<\/p>\n<p>Il est express\u00e9ment interdit de pr\u00e9senter une page du site Web http:\/\/www.neiker.eus sur un autre site n\u2019appartenant pas NEIKER-TECNALIA, INSTITUTO VASCO DE INVESTIGACI\u00d3N Y DESARROLLO AGRARIO (via la technique connue comme \u00ab framing \u00bb ou toute autre ayant les m\u00eames effets ou des effets similaires), ainsi que d\u2019ins\u00e9rer tout type de contenu diffus\u00e9 par le biais de l\u2019adresse hhttp:\/\/www.neiker.eus sur un autre site distinct en utilisant une technique appel\u00e9e \u00ab in line linking \u00bb, ou toute autre ayant les m\u00eames effets ou des effets similaires, sans le consentement expr\u00e8s de NEIKER-TECNALIA, INSTITUTO VASCO DE INVESTIGACI\u00d3N Y DESARROLLO AGRARIO.<\/p>\n<p>En utilisant ce site Web, nous consid\u00e9rons que l\u2019utilisateur a lu attentivement ce document, et qu\u2019il a compris et suivi les conseils qui y figurent. Si l\u2019utilisateur n\u2019est pas d\u2019accord avec cette politique de protection des donn\u00e9es ou avec les conseils qui y sont donn\u00e9s, veuillez ne pas utiliser notre page Web.<\/p>\n<h2>7. Juridiction et comp\u00e9tence<\/h2>\n<p>En cas de conflit ou de litige concernant l\u2019interpr\u00e9tation des pr\u00e9sentes conditions, ainsi que tout sujet li\u00e9 aux services du pr\u00e9sent Site Web, la Juridiction et la R\u00e9glementation en vigueur sera l\u2019espagnole, et les Tribunaux comp\u00e9tents seront ceux de Vitoria.<\/p>\n","protected":false},"excerpt":{"rendered":"<p>Conform\u00e9ment \u00e0 la r\u00e9glementation sur la Protection des donn\u00e9es \u00e0 caract\u00e8re personnel, nous vous informons que les donn\u00e9es&#8230;<\/p>\n","protected":false},"author":1,"featured_media":0,"parent":0,"menu_order":0,"comment_status":"closed","ping_status":"closed","template":"","meta":[],"acf":[],"_links":{"self":[{"href":"https:\/\/www.triplecproject.eu\/fr\/wp-json\/wp\/v2\/pages\/639"}],"collection":[{"href":"https:\/\/www.triplecproject.eu\/fr\/wp-json\/wp\/v2\/pages"}],"about":[{"href":"https:\/\/www.triplecproject.eu\/fr\/wp-json\/wp\/v2\/types\/page"}],"author":[{"embeddable":true,"href":"https:\/\/www.triplecproject.eu\/fr\/wp-json\/wp\/v2\/users\/1"}],"replies":[{"embeddable":true,"href":"https:\/\/www.triplecproject.eu\/fr\/wp-json\/wp\/v2\/comments?post=639"}],"version-history":[{"count":2,"href":"https:\/\/www.triplecproject.eu\/fr\/wp-json\/wp\/v2\/pages\/639\/revisions"}],"predecessor-version":[{"id":641,"href":"https:\/\/www.triplecproject.eu\/fr\/wp-json\/wp\/v2\/pages\/639\/revisions\/641"}],"wp:attachment":[{"href":"https:\/\/www.triplecproject.eu\/fr\/wp-json\/wp\/v2\/media?parent=639"}],"curies":[{"name":"wp","href":"https:\/\/api.w.org\/{rel}","templated":true}]}}