{"id":691,"date":"2019-10-16T15:45:40","date_gmt":"2019-10-16T13:45:40","guid":{"rendered":"http:\/\/www.triplecproject.eu\/privacy-policy\/"},"modified":"2019-10-20T09:59:07","modified_gmt":"2019-10-20T07:59:07","slug":"politica-de-privacidad","status":"publish","type":"page","link":"https:\/\/www.triplecproject.eu\/es\/politica-de-privacidad\/","title":{"rendered":"Pol\u00edtica de Privacidad"},"content":{"rendered":"<h2>1. RAZ\u00d3N SOCIAL<\/h2>\n<p>En cumplimiento del art\u00edculo 10 de la Ley 34\/2002, de 11 de julio, de Servicios de la Sociedad de la Informaci\u00f3n y del Comercio Electr\u00f3nico, a continuaci\u00f3n se reflejan los siguientes datos:<\/p>\n<p>La empresa titular del dominio web www.neiker.eus es NEIKER AB, con domicilio en Campus Agroalimentario de Arkaute, s\/n y CIF A48167902, inscrita en el Registro Mercantil de Bizkaia en el Tomo 1.437 de la Secci\u00f3n 3\u00aa del Libro 966.<\/p>\n<h2>2. PERSONAS USUARIAS<\/h2>\n<p>El acceso y\/o uso de este portal atribuye la condici\u00f3n de PERSONA USUARIA que acepta, desde dicho acceso y\/o uso, las condiciones de uso contenidas en el apartado \u201cUso del Portal\u201d aqu\u00ed reflejadas. Estas condiciones ser\u00e1n de aplicaci\u00f3n independientemente de las condiciones generales de contrataci\u00f3n que en su caso resulten de obligado cumplimiento.<\/p>\n<h2>3. POL\u00cdTICA INFORMATIVA DE PROTECCI\u00d3N DE DATOS PERSONALES<\/h2>\n<p>Como responsable de los tratamientos de datos automatizados derivados de esta website, NEIKER pone en conocimiento de las personas visitantes y usuarias de su p\u00e1gina web su pol\u00edtica de protecci\u00f3n y tratamiento de datos de car\u00e1cter personal, que ser\u00e1 concretada en caso de completar y remitir alguno de los formularios o realizar un env\u00edo de solicitud por v\u00eda telem\u00e1tica en la medida en que se recaben datos de car\u00e1cter personal, garantiz\u00e1ndose el cumplimiento de las obligaciones dispuestas por la normativa de protecci\u00f3n de datos personales.Los datos personales recabados se limitar\u00e1n a los que sean necesarios, pertinentes y no excesivos a la finalidad que se indique en cada caso y sin los cuales no podr\u00e1 ofrecerse el servicio solicitado por las personas alteraci\u00f3n, p\u00e9rdida, tratamiento o acceso no autorizado, habida cuenta del estado de la tecnolog\u00eda de acuerdo con lo establecido por la normativa de protecci\u00f3n de datos.<\/p>\n<h2>4. DERECHOS<\/h2>\n<p>Los personas usuarias tienen reconocidos y podr\u00e1n ejercitar los derechos vinculados al tratamiento de sus datos personales. En caso de querer ejercitar estos derechos, podr\u00e1 dirigirse por escrito remitiendo carta ordinaria por correo postal a la direcci\u00f3n de NEIKER en Parque Tecnol\u00f3gico de Bizkaia, Parcela 812, c\/ Berreaga 1, 48160, DERIO-BIZKARIA o mediante el env\u00edo de un correo electr\u00f3nico al mail admin@neiker.eus debiendo adjuntar copia de un documento acreditativo de su identidad.<\/p>\n<h2>5. VOLUNTARIEDAD<\/h2>\n<p>NEIKER informa a las personas usuarias de la p\u00e1gina del car\u00e1cter voluntario u obligatorio de facilitar los datos de car\u00e1cter personal que le sean solicitados en los formularios de acceso y registro a los servicios y\/o contenidos ofrecidos en la p\u00e1gina web.Para ello, en cada formulario de recogida de datos de car\u00e1cter personal de los que la persona usuaria haga uso NEIKER le har\u00e1 saber la existencia de las condiciones particulares del tratamiento de sus datos.<\/p>\n<p>Asimismo, NEIKER informa que en cumplimiento a la Ley 34\/2002 de 11 de julio, de Servicios de la Sociedad de la Informaci\u00f3n y el Comercio Electr\u00f3nico solicita su consentimiento para el tratamiento de su correo electr\u00f3nico con fines comerciales, promocionales o divulgativos de la actividad de la organizaci\u00f3n mediante remisi\u00f3n de comunicaciones por e-mail, fax, SMS, MMS o mensajer\u00eda instant\u00e1nea, comunidades sociales o cualesquier otro medio electr\u00f3nico o f\u00edsico, presente o futuro, que posibilite realizar comunicaci\u00f3n comercial o divulgativa relacionada con productos o servicios ofrecidos por la organizaci\u00f3n.<\/p>\n<h2>6. CESI\u00d3N DE DATOS<\/h2>\n<p>Los datos personales que fueran facilitados por las personas usuarias de nuestra web s\u00f3lo ser\u00e1n cedidas a un tercero para el cumplimiento de los fines de la organizaci\u00f3n directamente relacionados con funciones o intereses leg\u00edtimos a las entidades relacionadas con NEIKER que en cada formulario de recogida de datos personales se indiquen.<\/p>\n<h2>7. ACTUALIZACI\u00d3N PERI\u00d3DICA<\/h2>\n<p>NEIKER podr\u00e1 modificar esta Pol\u00edtica de Privacidad en funci\u00f3n de exigencias legislativas y de cumplimiento normativo con la finalidad de adaptar dicha pol\u00edtica a la legalidad y, en su caso, a las instrucciones dictadas por la Agencia Espa\u00f1ola de Protecci\u00f3n de Datos, por lo cual se aconseja a los persona usuarias que la visiten peri\u00f3dicamente.<\/p>\n<h2>8. VERACIDAD DE LOS DATOS<\/h2>\n<p>Las personas usuarias responder\u00e1n, en cualquier caso, de la veracidad de los datos facilitados y se hacen responsables de comunicar a NEIKER cualquier modificaci\u00f3n en los mismos, quedando la organizaci\u00f3n exenta de cualquier tipo de responsabilidad a este respecto.<\/p>\n<h2>9. MENORES DE EDAD<\/h2>\n<p>Esta p\u00e1gina no se dirige a menores de edad.<br \/>\nNo obstante en caso de personas usuarias de nuestra web menores de 14 a\u00f1os, estos deber\u00e1n aportar a NEIKER autorizaci\u00f3n escrita de sus padres, tutores o representantes legales, consintiendo el tratamiento de sus datos.<\/p>\n","protected":false},"excerpt":{"rendered":"<p>1. RAZ\u00d3N SOCIAL En cumplimiento del art\u00edculo 10 de la Ley 34\/2002, de 11 de julio, de Servicios&#8230;<\/p>\n","protected":false},"author":1,"featured_media":0,"parent":0,"menu_order":0,"comment_status":"closed","ping_status":"closed","template":"","meta":[],"acf":[],"_links":{"self":[{"href":"https:\/\/www.triplecproject.eu\/es\/wp-json\/wp\/v2\/pages\/691"}],"collection":[{"href":"https:\/\/www.triplecproject.eu\/es\/wp-json\/wp\/v2\/pages"}],"about":[{"href":"https:\/\/www.triplecproject.eu\/es\/wp-json\/wp\/v2\/types\/page"}],"author":[{"embeddable":true,"href":"https:\/\/www.triplecproject.eu\/es\/wp-json\/wp\/v2\/users\/1"}],"replies":[{"embeddable":true,"href":"https:\/\/www.triplecproject.eu\/es\/wp-json\/wp\/v2\/comments?post=691"}],"version-history":[{"count":3,"href":"https:\/\/www.triplecproject.eu\/es\/wp-json\/wp\/v2\/pages\/691\/revisions"}],"predecessor-version":[{"id":696,"href":"https:\/\/www.triplecproject.eu\/es\/wp-json\/wp\/v2\/pages\/691\/revisions\/696"}],"wp:attachment":[{"href":"https:\/\/www.triplecproject.eu\/es\/wp-json\/wp\/v2\/media?parent=691"}],"curies":[{"name":"wp","href":"https:\/\/api.w.org\/{rel}","templated":true}]}}