{"id":662,"date":"2019-10-19T10:19:24","date_gmt":"2019-10-19T08:19:24","guid":{"rendered":"http:\/\/www.triplecproject.eu\/atlantic-area-programm\/"},"modified":"2019-10-25T09:42:07","modified_gmt":"2019-10-25T07:42:07","slug":"programa-espacio-atlantico","status":"publish","type":"page","link":"https:\/\/www.triplecproject.eu\/es\/programa-espacio-atlantico\/","title":{"rendered":"INTERREG Espacio At\u00e1ntico"},"content":{"rendered":"\n<p>INTERREG Espacio Atl\u00e1ntico es un programa de financiaci\u00f3n europeo que  promueve la cooperaci\u00f3n transnacional en 36 regiones atl\u00e1nticas de  cinco pa\u00edses europeos. Con un presupuesto total de \u20ac185M, siendo  \u20ac140M&nbsp;del Fondo Europeo de Desarollo Regional (FEDER), este Programa  cofinancia proyectos de cooperaci\u00f3n en los campos de la Innovaci\u00f3n y  Competitividad, Eficiencia de los Recursos, Gesti\u00f3n de Riesgos  Territoriales y, Biodiversidad, Patrimonio Natural y Cultural.<\/p>\n\n\n\n<p><a rel=\"noreferrer noopener\" aria-label=\" (opens in a new tab)\" href=\"https:\/\/www.atlanticarea.eu\/\" target=\"_blank\">https:\/\/www.atlanticarea.eu\/<\/a><\/p>\n","protected":false},"excerpt":{"rendered":"<p>INTERREG Espacio Atl\u00e1ntico es un programa de financiaci\u00f3n europeo que promueve la cooperaci\u00f3n transnacional en 36 regiones atl\u00e1nticas&#8230;<\/p>\n","protected":false},"author":1,"featured_media":0,"parent":0,"menu_order":0,"comment_status":"closed","ping_status":"closed","template":"page-template\/page-template.php","meta":[],"acf":[],"_links":{"self":[{"href":"https:\/\/www.triplecproject.eu\/es\/wp-json\/wp\/v2\/pages\/662"}],"collection":[{"href":"https:\/\/www.triplecproject.eu\/es\/wp-json\/wp\/v2\/pages"}],"about":[{"href":"https:\/\/www.triplecproject.eu\/es\/wp-json\/wp\/v2\/types\/page"}],"author":[{"embeddable":true,"href":"https:\/\/www.triplecproject.eu\/es\/wp-json\/wp\/v2\/users\/1"}],"replies":[{"embeddable":true,"href":"https:\/\/www.triplecproject.eu\/es\/wp-json\/wp\/v2\/comments?post=662"}],"version-history":[{"count":4,"href":"https:\/\/www.triplecproject.eu\/es\/wp-json\/wp\/v2\/pages\/662\/revisions"}],"predecessor-version":[{"id":743,"href":"https:\/\/www.triplecproject.eu\/es\/wp-json\/wp\/v2\/pages\/662\/revisions\/743"}],"wp:attachment":[{"href":"https:\/\/www.triplecproject.eu\/es\/wp-json\/wp\/v2\/media?parent=662"}],"curies":[{"name":"wp","href":"https:\/\/api.w.org\/{rel}","templated":true}]}}