{"id":633,"date":"2019-10-19T09:19:51","date_gmt":"2019-10-19T07:19:51","guid":{"rendered":"http:\/\/www.triplecproject.eu\/legal-notice\/"},"modified":"2019-10-19T11:22:54","modified_gmt":"2019-10-19T09:22:54","slug":"aviso-legal","status":"publish","type":"page","link":"https:\/\/www.triplecproject.eu\/es\/aviso-legal\/","title":{"rendered":"Aviso legal"},"content":{"rendered":"<p>En cumplimiento de la normativa sobre Protecci\u00f3n de Datos de car\u00e1cter personal, le informamos que los datos personales que nos suministra mediante la cumplimentaci\u00f3n de alguno de los formularios existentes en la p\u00e1gina web www.neiker.eus, se incorporan a ficheros y tratamientos de los que es responsable NEIKER cuyas finalidades son:<\/p>\n<ul>\n<li>La gesti\u00f3n de los datos recogidos en los formularios de la p\u00e1gina web,<\/li>\n<li>La realizaci\u00f3n de acciones de comunicaci\u00f3n sobre cualquier evento y la respuesta a consultas y sugerencias,<\/li>\n<li>El env\u00edo de todo tipo de publicaciones relacionadas con la actividad de la entidad.<\/li>\n<li>Permitir la inscripci\u00f3n de la persona interesada en un curso u otra actividad formativa<\/li>\n<li>Realizar encuestas sobre perspectivas del sector\u2026 as\u00ed como sobre la calidad de los servicios que ofrecemos.<\/li>\n<li>Gesti\u00f3n de contactos para acciones de comunicaci\u00f3n comercial.<\/li>\n<\/ul>\n<p>Le informamos de que sus datos personales podr\u00e1n ser cedidos a organizaciones en cumplimiento de una normativa legal, o a empresas colaboradoras de NEIKER con las que se mantienen acuerdos y\/o convenios para que pueda recibir informaci\u00f3n y beneficiarse de los mismos.<\/p>\n<p>Para todas las finalidades indicadas, la legitimaci\u00f3n para el tratamiento es el consentimiento de la persona interesada expresado con la cumplimentaci\u00f3n, la aceptaci\u00f3n de la pol\u00edtica de privacidad y el env\u00edo del formulario.<\/p>\n<p>De no prestar el consentimiento no podremos atender su solicitud. Estos datos se conservar\u00e1n por tiempo indefinido en tanto no manifieste su voluntad en contra.<\/p>\n<p>Puede ejercitar los derechos de acceso, rectificaci\u00f3n, limitaci\u00f3n de tratamiento, supresi\u00f3n, portabilidad, cancelaci\u00f3n y revocar el consentimiento prestado, dirigiendo escrito con copia de su DNI a la direcci\u00f3n postal o al correo electr\u00f3nico: <u>admin@neiker.eus<\/u><\/p>\n<p>Tambi\u00e9n podr\u00e1 en caso de no ver atendidos sus derechos presentar su reclamaci\u00f3n a la Agencia Espa\u00f1ola de Protecci\u00f3n de Datos.<\/p>\n<h2>1. Informaci\u00f3n general<\/h2>\n<p>El presente Sitio Web, es titularidad de NEIKER-TECNALIA, INSTITUTO VASCO DE INVESTIGACI\u00d3N Y DESARROLLO AGRARIO, sita en el Campus Agroalimentario de Arkaute, Apdo 46 E-01080 Vitoria-Gasteiz (Araba) Tel.: +34- 945 121 313 \u2013 Fax : +34- 945 281 422, con CIF: A-48167902 e inscrita en el Registro Mercantil de Bizkaia en el Tomo 1.437 de la Secci\u00f3n 3\u00aa del Libro 966.<\/p>\n<p>Al usar este sitio web, se entender\u00e1 que usted ha le\u00eddo, entendido y aceptado, sin limitaci\u00f3n ni reserva alguna, las condiciones de uso recogidas en este Aviso Legal as\u00ed como la Pol\u00edtica de Privacidad que est\u00e1 a su disposici\u00f3n en este mismo sitio web y cuya lectura le recomendamos expresamente, constituyendo el uso del mismo la expresa y plena aceptaci\u00f3n tanto del Aviso Legal como Pol\u00edtica de Privacidad en la versi\u00f3n que se encuentre publicada en el momento de acceso, sin perjuicio de las condiciones o t\u00e9rminos de uso espec\u00edficos que pudieran aplicarse respecto algunos servicios concretos del sitio web, cuya aceptaci\u00f3n previa, ser\u00e1 requisito indispensable para acceder a dichos servicios.<\/p>\n<p>Si no est\u00e1 conforme con los t\u00e9rminos de este Aviso Legal, rogamos no haga uso del sitio web, porque el uso del mismo, reiteramos, implicar\u00e1 la aceptaci\u00f3n de los t\u00e9rminos legales recogidos tanto en el Aviso Legal como en la Pol\u00edtica de Privacidad.<\/p>\n<p>NEIKER-TECNALIA, INSTITUTO VASCO DE INVESTIGACI\u00d3N Y DESARROLLO AGRARIO se reserva el derecho de modificar los t\u00e9rminos y condiciones que aparecen en este sitio web, as\u00ed como ampliar contenidos, informaciones, etc, en cualquier momento y sin previo aviso y, por tanto, aconseja su consulta con una periodicidad razonable por si se producen cambios en los mismos.<\/p>\n<h3>1.2. Idioma<\/h3>\n<p>En caso de que traduzcamos este Aviso Legal, nuestra Pol\u00edtica de privacidad, o cualesquiera otras normas de uso, pol\u00edticas y procedimientos que pudieran publicarse cada cierto tiempo en este sitio web, si existe discrepancia entre la versi\u00f3n en espa\u00f1ol y una versi\u00f3n traducida, prevalecer\u00e1 la versi\u00f3n en espa\u00f1ol.<\/p>\n<h2>2. Comunicaciones comerciales y contenidos publicitarios<\/h2>\n<p>NEIKER-TECNALIA, INSTITUTO VASCO DE INVESTIGACI\u00d3N Y DESARROLLO AGRARIO informa a los usuarios que conforme a la Ley 34\/2002, de 11 de julio, de Servicios de la Sociedad de la Informaci\u00f3n y de Comercio Electr\u00f3nico, proceder\u00e1 a enviarle informaci\u00f3n por e-mail sobre los servicios y actividades de la empresa. Si no desea recibir comunicaciones electr\u00f3nicas sobre nuestros productos, servicios y actividades rogamos nos remita un e-mail en tal sentido a admin@neiker.eus<\/p>\n<p>Publicidad: El Sitio web puede albergar contenidos publicitarios o estar patrocinado. Los anunciantes y patrocinadores son los \u00fanicos responsables de asegurarse que el material remitido para su inclusi\u00f3n en el Sitio web cumple con las leyes y consentimientos que en cada caso puedan ser de aplicaci\u00f3n. El titular del Web no ser\u00e1 responsable de cualquier error, inexactitud o irregularidad que puedan contener los contenidos publicitarios o de los patrocinadores. Tampoco ser\u00e1 responsable de da\u00f1os a la sensibilidad que el material publicitario u otro material pueda causar a los usuarios o visitantes del Web.<\/p>\n<h2>3. Derechos de propiedad intelectual y\/o industrial<\/h2>\n<p>El titular del contenido y de los elementos que conforman el presente Sitio Web es NEIKER-TECNALIA, INSTITUTO VASCO DE INVESTIGACI\u00d3N Y DESARROLLO AGRARIOperteneci\u00e9ndoleen consecuencia la propiedad intelectual e industrial del mismo y en particular de todos los c\u00f3digos fuente, textos, im\u00e1genes, dise\u00f1o, logos, programas inform\u00e1ticos, animaciones, bases de datos, marcas, nombre comercial o signo distintivo, sonidos y dem\u00e1s elementos gr\u00e1ficos o sonoros de las p\u00e1ginas del Sitio Web. Esta enumeraci\u00f3n no constituye un listado cerrado sino ejemplificativo y dichos elementos se encuentran debidamente protegidos de conformidad con la normativa espa\u00f1ola e internacional sobre Propiedad Intelectual e Industrial.<\/p>\n<p>El Usuario se obliga a usar los contenidos de forma diligente y correcta, de acuerdo a la ley, la moral y el orden p\u00fablico. NEIKER-TECNALIA, INSTITUTO VASCO DE INVESTIGACI\u00d3N Y DESARROLLO AGRARIO autoriza al Usuario para visualizar la informaci\u00f3n que se contiene en este sitio web, as\u00ed como para efectuar reproducciones privadas (simple actividad de descarga y almacenamiento en sus sistemas inform\u00e1ticos), siempre y cuando los elementos sean destinados \u00fanicamente al uso personal, as\u00ed como su utilizaci\u00f3n exclusivamente con fines period\u00edsticos, siempre que, en ambos casos, se respete la integridad del mismo y se identifique que la fuente originaria ha sido el presente Sitio Web perteneciente a NEIKER-TECNALIA, INSTITUTO VASCO DE INVESTIGACI\u00d3N Y DESARROLLO AGRARIO, quedando prohibido de manera expresa cualquier tipo de utilizaci\u00f3n sesgada y contraria a su naturaleza.<\/p>\n<p>Se proh\u00edbe, fuera de las finalidades establecidas expresamente en el p\u00e1rrafo anterior, la utilizaci\u00f3n del contenido del Sitio Web, y su distribuci\u00f3n, modificaci\u00f3n, cesi\u00f3n a terceros, as\u00ed como la reproducci\u00f3n, transformaci\u00f3n o comunicaci\u00f3n p\u00fablica, mediante cualquier medio y tecnolog\u00eda, requiri\u00e9ndose para ello el consentimiento previo y expreso de NEIKER-TECNALIA, INSTITUTO VASCO DE INVESTIGACI\u00d3N Y DESARROLLO AGRARIO constituyendo cualquier actuaci\u00f3n contraria al presente texto una vulneraci\u00f3n de la normativa en materia de derechos de propiedad industrial e intelectual.<\/p>\n<p>Se permite, no obstante, la utilizaci\u00f3n de este sitio web siempre y cuando se respete la integridad del mismo y se identifiquen que la fuente originaria ha sido el presente sitio web perteneciente a NEIKER-TECNALIA, INSTITUTO VASCO DE INVESTIGACI\u00d3N Y DESARROLLO AGRARIO, quedando prohibido de manera expresa cualquier tipo de utilizaci\u00f3n sesgada y contraria a su naturaleza.<\/p>\n<p>NEIKER-TECNALIA, INSTITUTO VASCO DE INVESTIGACI\u00d3N Y DESARROLLO AGRARIOse reserva el ejercicio de las acciones legales oportunas en defensa de sus derechos.<\/p>\n<h2>4. Contrase\u00f1as y zona privada<\/h2>\n<p>En los supuestos en que proceda a remit\u00edrsele identificador y\/o contrase\u00f1a de acceso a determinados servicios, el usuario deber\u00e1 mantenerlos bajo su exclusiva responsabilidad en la m\u00e1s estricta y absoluta confidencialidad y secreto, deber\u00e1 proceder a su custodia, uso y preservaci\u00f3n de manera diligente, prohibi\u00e9ndose de manera expresa su cesi\u00f3n a terceros, resultando responsabilidad del usuario, y por lo tanto a \u00e9l imputables, las consecuencias perjudiciales que pudieran originarse tanto para el titular del Sitio Web como para el resto de usuarios. En caso de robo, p\u00e9rdida o uso o acceso no autorizado del identificador y\/o contrase\u00f1a, el usuario deber\u00e1 proceder a comunicarlo de forma inmediata a NEIKER-TECNALIA, INSTITUTO VASCO DE INVESTIGACI\u00d3N Y DESARROLLO AGRARIO para la adopci\u00f3n de las medidas oportunas, siendo responsabilidad del usuario los da\u00f1os que se pudieran irrogar tanto a NEIKER-TECNALIA, INSTITUTO VASCO DE INVESTIGACI\u00d3N Y DESARROLLO AGRARIO como a otros usuarios, como consecuencia de una tard\u00eda comunicaci\u00f3n.<\/p>\n<p>NEIKER-TECNALIA, INSTITUTO VASCO DE INVESTIGACI\u00d3N Y DESARROLLO AGRARIO no ser\u00e1 responsable en ning\u00fan caso de las incidencias que puedan surgir en torno a los datos personales cuando se deriven bien de un ataque o acceso no autorizado a los sistemas de tal forma que sea imposible de detectar por las medidas de seguridad implantadas, bien cuando se deba a una falta de diligencia del usuario registrado en cuanto a la guardia y custodia de sus claves de acceso o de sus propios datos personales.<\/p>\n<h2>5. Seguridad<\/h2>\n<p>En este sitio web utilizamos el protocolo HTTPS (SSL) para establecer un canal seguro de comunicaci\u00f3n entre el servidor y el usuario para el env\u00edo de sus datos personales. Prestar ese servicio a trav\u00e9s de un servidor seguro supone garantizar la confidencialidad de la informaci\u00f3n que se intercambia entre el ordenador del usuario y dicho servidor, ya que entre ambos se establece una conexi\u00f3n cifrada, utilizando el protocolo SSL, que imposibilita el acceso de terceros a la informaci\u00f3n enviada.<\/p>\n<h2>6. Responsabilidad<\/h2>\n<h3>a) Generalidades<\/h3>\n<p>El inter\u00e9s de NEIKER-TECNALIA, INSTITUTO VASCO DE INVESTIGACI\u00d3N Y DESARROLLO AGRARIO es que este sitio web funcione con la m\u00e1xima eficacia y cumpla la finalidad para la que ha sido creado, pero no se responsabiliza de los eventuales errores tipogr\u00e1ficos, formales o num\u00e9ricos que pueda contener el sitio web, ni de la exactitud de la informaci\u00f3n contenida en \u00e9l, ni de posibles disfunciones o anomal\u00edas en su funcionamiento.<\/p>\n<p>NEIKER-TECNALIA, INSTITUTO VASCO DE INVESTIGACI\u00d3N Y DESARROLLO AGRARIOno garantiza que el sitio web y el servidor est\u00e9n libres de virus y no se hace responsable de los da\u00f1os causados por el acceso al sitio web o por la imposibilidad de acceder al mismo.<\/p>\n<p>El usuario se compromete a utilizar leal y leg\u00edtimamente este sitio web y de conformidad con las leyes y usos del tr\u00e1fico; igualmente se obliga a no llevar a cabo ninguna conducta que pueda da\u00f1ar la imagen, intereses o derechos de NEIKER-TECNALIA, INSTITUTO VASCO DE INVESTIGACI\u00d3N Y DESARROLLO AGRARIO o de terceros o que pueda da\u00f1ar, inutilizar, sobrecargar o impedir de cualquier formar la normal utilizaci\u00f3n de este sitio web.<\/p>\n<p>NEIKER-TECNALIA, INSTITUTO VASCO DE INVESTIGACI\u00d3N Y DESARROLLO AGRARIO se reserva el derecho de modificar los t\u00e9rminos y condiciones que aparecen en este sitio web, as\u00ed como ampliar contenidos, informaciones, etc, en cualquier momento y sin previo aviso y, por tanto, aconseja su consulta con una periodicidad razonable por si se producen cambios en los mismos. Vd. deber\u00e1 leer y los nuevos avisos legales y condiciones de uso del sitio web que se pudieran incorporar. En caso contrario, deber\u00e1 abstenerse de su utilizaci\u00f3n y acceso, declinando toda responsabilidad NEIKER-TECNALIA, INSTITUTO VASCO DE INVESTIGACI\u00d3N Y DESARROLLO AGRARIO que se reserva el derecho de suspender y terminar el acceso a los contenidos del Sitio Web, as\u00ed como de los servicios prestados desde el mismo.<\/p>\n<h3>b) Links e hiperenlaces<\/h3>\n<p>Este sitio web puede facilitar el enlace oel acceso a otros recursos o sitios web de terceros,que consideramos puedan ser de su inter\u00e9s o son necesarios para la prestaci\u00f3n de algunos de los servicios de nuestros sitios web,pero en ning\u00fan caso dichos sitios web son controlados por nosotros.<\/p>\n<p>El objetivo de dichos enlaces puede ser, facilitar la b\u00fasqueda de los recursos que le puedan interesar a trav\u00e9s de Internet o la gesti\u00f3n de determinados servicios del sitio web propiedad deNEIKER-TECNALIA, INSTITUTO VASCO DE INVESTIGACI\u00d3N Y DESARROLLO AGRARIOcomo la remisi\u00f3n de curr\u00edculos y\/o la inscripci\u00f3n a ofertas de trabajo, para llevar a cabo procesos de selecci\u00f3n de personal gestionados por NEIKER-TECNALIA, INSTITUTO VASCO DE INVESTIGACI\u00d3N Y DESARROLLO AGRARIO<\/p>\n<p>No obstante, dichas p\u00e1ginas no le pertenecen NEIKER-TECNALIA, INSTITUTO VASCO DE INVESTIGACI\u00d3N Y DESARROLLO AGRARIO, ni hace una revisi\u00f3n de sus contenidos y, por ello, no puede hacerse responsable de los mismos, ni de los servicios en su caso prestados, que aparezcan y\/o est\u00e9n disponiblesen dichos sitios, del funcionamiento de la p\u00e1gina enlazada, del uso y tratamiento de datos que \u00e9stas puedan hacer, de las posibles infracciones que, en su caso, puedan cometer o de los posibles da\u00f1os que puedan derivarse del acceso o uso de la misma, no implicando la existencia del enlace relaci\u00f3n alguna entre NEIKER-TECNALIA, INSTITUTO VASCO DE INVESTIGACI\u00d3N Y DESARROLLO AGRARIO y las personas o entidades titulares de tales contenidos o de los sitios donde se encuentren.<\/p>\n<p>Por tanto, NEIKER-TECNALIA, INSTITUTO VASCO DE INVESTIGACI\u00d3N Y DESARROLLO AGRARIO no asume ning\u00fan tipo de responsabilidad relativa a los sitios enlazados, ni responde de su funcionamiento, de los contenidos y servicios alojados en los mismos ni de los posibles enlaces a su vez contenidos en dichos sitios enlazados.<\/p>\n<p>Recomendamos encarecidamente leer los correspondientes avisos legales y, muy especialmente, las pol\u00edticas de privacidad de dichas p\u00e1ginas antes deintroducir sus datos personales en las mismas y en caso de duda le recomendamos que se ponga en contacto directamente con dichos sitios para obtener m\u00e1s informaci\u00f3n sobre sus pol\u00edticas de privacidad.<\/p>\n<p>Si el usuario tuviese conocimiento de cualquier ilicitud o inadecuaci\u00f3n de los contenidos, servicios o cualesquiera otras actividades desarrolladas a trav\u00e9s de un sitio enlazado, deber\u00e1 comunicarlo inmediatamente a NEIKER-TECNALIA, INSTITUTO VASCO DE INVESTIGACI\u00d3N Y DESARROLLO AGRARIO para que \u00e9sta, en su caso, pueda adoptar las medidas que estime oportunas.<\/p>\n<p>Queda expresamente prohibida tanto la presentaci\u00f3n de una p\u00e1gina del sitio web http:\/\/www.neiker.eusen otro que no pertenezca a NEIKER-TECNALIA, INSTITUTO VASCO DE INVESTIGACI\u00d3N Y DESARROLLO AGRARIO (mediante la t\u00e9cnica conocida como \u201cframing\u201d o cualquier otra a los mismos o an\u00e1logos efectos), como la inserci\u00f3n de cualquier tipo de contenido difundido a trav\u00e9s de hhttp:\/\/www.neiker.eus en otro sitio web distinto a \u00e9ste mediante a t\u00e9cnica denominada \u201cin line linking\u201d, o cualquier otra a los mismos o an\u00e1logos efectos, sin el consentimiento expreso de NEIKER-TECNALIA, INSTITUTO VASCO DE INVESTIGACI\u00d3N Y DESARROLLO AGRARIO<\/p>\n<p>Al utilizar este sitio web, consideramos que el usuario ha le\u00eddo este documento cuidadosamente y que ha entendido y seguido sus consejos. En caso de que el usuario no est\u00e9 de acuerdo con esta pol\u00edtica de protecci\u00f3n de datos o con los consejos que a trav\u00e9s de la misma se dan, por favor no utilice nuestra p\u00e1gina web.<\/p>\n<h2>7. Jurisdicci\u00f3n y competencia<\/h2>\n<p>En el supuesto de conflicto o disputa respecto a la interpretaci\u00f3n de las presentes condiciones, as\u00ed como sobre cualquier extremo relacionado con los servicios del presente Sitio Web la Jurisdicci\u00f3n y Normativa aplicable ser\u00e1 la espa\u00f1ola, mientras que los Tribunales competentes ser\u00e1n los de Vitoria.<\/p>\n","protected":false},"excerpt":{"rendered":"<p>En cumplimiento de la normativa sobre Protecci\u00f3n de Datos de car\u00e1cter personal, le informamos que los datos personales&#8230;<\/p>\n","protected":false},"author":1,"featured_media":0,"parent":0,"menu_order":0,"comment_status":"closed","ping_status":"closed","template":"","meta":[],"acf":[],"_links":{"self":[{"href":"https:\/\/www.triplecproject.eu\/es\/wp-json\/wp\/v2\/pages\/633"}],"collection":[{"href":"https:\/\/www.triplecproject.eu\/es\/wp-json\/wp\/v2\/pages"}],"about":[{"href":"https:\/\/www.triplecproject.eu\/es\/wp-json\/wp\/v2\/types\/page"}],"author":[{"embeddable":true,"href":"https:\/\/www.triplecproject.eu\/es\/wp-json\/wp\/v2\/users\/1"}],"replies":[{"embeddable":true,"href":"https:\/\/www.triplecproject.eu\/es\/wp-json\/wp\/v2\/comments?post=633"}],"version-history":[{"count":2,"href":"https:\/\/www.triplecproject.eu\/es\/wp-json\/wp\/v2\/pages\/633\/revisions"}],"predecessor-version":[{"id":635,"href":"https:\/\/www.triplecproject.eu\/es\/wp-json\/wp\/v2\/pages\/633\/revisions\/635"}],"wp:attachment":[{"href":"https:\/\/www.triplecproject.eu\/es\/wp-json\/wp\/v2\/media?parent=633"}],"curies":[{"name":"wp","href":"https:\/\/api.w.org\/{rel}","templated":true}]}}